{"id":631,"date":"2019-06-24T09:02:51","date_gmt":"2019-06-24T07:02:51","guid":{"rendered":"http:\/\/albanelerouge.fr\/?page_id=631"},"modified":"2019-06-25T14:55:51","modified_gmt":"2019-06-25T12:55:51","slug":"albane-lerouge-mentions-legales","status":"publish","type":"page","link":"http:\/\/albanelerouge.fr\/?page_id=631","title":{"rendered":"Albane Lerouge Mentions L\u00e9gales"},"content":{"rendered":"\t\t<div data-elementor-type=\"wp-post\" data-elementor-id=\"631\" class=\"elementor elementor-631\">\n\t\t\t\t\t\t<div class=\"elementor-inner\">\n\t\t\t\t<div class=\"elementor-section-wrap\">\n\t\t\t\t\t\t\t\t\t<section class=\"elementor-section elementor-top-section elementor-element elementor-element-88d604a elementor-section-height-min-height elementor-section-items-bottom elementor-section-boxed elementor-section-height-default\" data-id=\"88d604a\" data-element_type=\"section\">\n\t\t\t\t\t\t<div class=\"elementor-container elementor-column-gap-default\">\n\t\t\t\t\t\t\t<div class=\"elementor-row\">\n\t\t\t\t\t<div class=\"elementor-column elementor-col-100 elementor-top-column elementor-element elementor-element-e779d25\" data-id=\"e779d25\" data-element_type=\"column\">\n\t\t\t<div class=\"elementor-column-wrap elementor-element-populated\">\n\t\t\t\t\t\t\t<div class=\"elementor-widget-wrap\">\n\t\t\t\t\t\t<div class=\"elementor-element elementor-element-87f8c6a elementor-widget elementor-widget-heading\" data-id=\"87f8c6a\" data-element_type=\"widget\" data-widget_type=\"heading.default\">\n\t\t\t\t<div class=\"elementor-widget-container\">\n\t\t\t<h2 class=\"elementor-heading-title elementor-size-default\">Albane Lerouge<br>Styliste Culinaire et D\u00e9co<br>Mentions L\u00e9gales<\/h2>\t\t<\/div>\n\t\t\t\t<\/div>\n\t\t\t\t\t\t<\/div>\n\t\t\t\t\t<\/div>\n\t\t<\/div>\n\t\t\t\t\t\t\t\t<\/div>\n\t\t\t\t\t<\/div>\n\t\t<\/section>\n\t\t\t\t<section class=\"elementor-section elementor-top-section elementor-element elementor-element-ec42631 elementor-section-height-min-height elementor-section-boxed elementor-section-height-default elementor-section-items-middle\" data-id=\"ec42631\" data-element_type=\"section\">\n\t\t\t\t\t\t<div class=\"elementor-container elementor-column-gap-default\">\n\t\t\t\t\t\t\t<div class=\"elementor-row\">\n\t\t\t\t\t<div class=\"elementor-column elementor-col-100 elementor-top-column elementor-element elementor-element-1548370\" data-id=\"1548370\" data-element_type=\"column\">\n\t\t\t<div class=\"elementor-column-wrap elementor-element-populated\">\n\t\t\t\t\t\t\t<div class=\"elementor-widget-wrap\">\n\t\t\t\t\t\t<div class=\"elementor-element elementor-element-29d7a37 elementor-widget elementor-widget-heading\" data-id=\"29d7a37\" data-element_type=\"widget\" data-widget_type=\"heading.default\">\n\t\t\t\t<div class=\"elementor-widget-container\">\n\t\t\t<h2 class=\"elementor-heading-title elementor-size-default\">CONDITIONS D\u2019UTILISATION :<br>\nVous n'\u00eates pas autoris\u00e9 en particulier \u00e0 t\u00e9l\u00e9charger, copier ou retransmettre tout ou partie de ce site ou du contenu sans accord pr\u00e9alable de Albane Lerouge Styliste Culinaire et D\u00e9co. Celle-ci ne donne aucune garantie ni assurance, et d\u00e9cline toute responsabilit\u00e9, directe ou indirecte quant \u00e0 la qualit\u00e9, au contenu, \u00e0 la nature ou \u00e0 la fiabilit\u00e9 des sites tiers accessibles par lien affich\u00e9 en hypertexte sur son site ou des sites web \u00e9tablissant un lien avec le site albanelerouge.fr. Albane Lerouge est une marque d\u00e9pos\u00e9e INPI. La marque Albane Lerouge, le logotype ou titre pr\u00e9sents sur ce site ne peut \u00eatre copi\u00e9s, imit\u00e9 ou utilis\u00e9s, en tout ou partie, sans l'autorisation \u00e9crite pr\u00e9alable du d\u00e9positaire de la marque Albane Lerouge. L'enregistrement de la marque permets de s'opposer \u00e0 ce qu'un tiers utilise un signe identique ou similaire \u00e0 Albane Lerouge pour d\u00e9signer des produits identiques ou similaires \u00e0 ceux vis\u00e9s dans l'enregistrement inpi. stylistealbane.fr \u00e0 \u00e9t\u00e9 obtenu par proc\u00e9dure d'attribution des noms de domaine en .fr par l'Afnic.<br>\nPROPRI\u00c9T\u00c9 DU SITE ET DE SES CONTENUS :<br>Tous les \u00e9l\u00e9ments du site, y compris le contenu de la partie Portfolio sont prot\u00e9g\u00e9 par copyright, signe commercial distinctif, droit moral, marque d\u00e9pos\u00e9e et autres r\u00e8glementations relatives \u00e0 la protection de la propri\u00e9t\u00e9 intellectuelle. Les travaux pr\u00e9sent\u00e9s on \u00e9t\u00e9 cr\u00e9\u00e9s tout ou partie par Albane Lerouge et en collaboration avec diff\u00e9rents photographes cit\u00e9s en dessous de chaque travaux. L'autorisation de la publication des travaux \u00e0 \u00e9t\u00e9 obtenue aupr\u00e8s des marques pr\u00e9sentes sur ce site. stylistealbane.fr repr\u00e9sent\u00e9 par Albane Lerouge 25 Rue du Mar\u00e9chal Foch 59350 St Andr\u00e9 lez Lille - albanelerouge.fr - 0687274874 - <span data-elementor-setting-key=\"title\" data-pen-placeholder=\"\u00c9crivez ici...\" style=\"text-transform: lowercase;\">ape : 1413Z \u2013 siren : 48430559400018 assurance rc \u2013 pro hiscox \u2013 n\u00b0rcp300000000 - site h\u00e9b\u00e9rg\u00e9 chez \u2013 OVH 2 rue kellermann \u2013 59100 roubaix \u2013 France.<\/span><\/h2>\t\t<\/div>\n\t\t\t\t<\/div>\n\t\t\t\t\t\t<\/div>\n\t\t\t\t\t<\/div>\n\t\t<\/div>\n\t\t\t\t\t\t\t\t<\/div>\n\t\t\t\t\t<\/div>\n\t\t<\/section>\n\t\t\t\t<section class=\"elementor-section elementor-top-section elementor-element elementor-element-213038ab elementor-section-height-min-height elementor-section-content-middle elementor-section-boxed elementor-section-height-default elementor-section-items-middle\" data-id=\"213038ab\" data-element_type=\"section\" data-settings=\"{&quot;background_background&quot;:&quot;classic&quot;}\">\n\t\t\t\t\t\t\t<div class=\"elementor-background-overlay\"><\/div>\n\t\t\t\t\t\t\t<div class=\"elementor-container elementor-column-gap-default\">\n\t\t\t\t\t\t\t<div class=\"elementor-row\">\n\t\t\t\t\t<div class=\"elementor-column elementor-col-33 elementor-top-column elementor-element elementor-element-1c490b17 elementor-invisible\" data-id=\"1c490b17\" data-element_type=\"column\" data-settings=\"{&quot;animation&quot;:&quot;fadeInLeft&quot;}\">\n\t\t\t<div class=\"elementor-column-wrap elementor-element-populated\">\n\t\t\t\t\t\t\t<div class=\"elementor-widget-wrap\">\n\t\t\t\t\t\t<div class=\"elementor-element elementor-element-7a834ad0 elementor-widget elementor-widget-image\" data-id=\"7a834ad0\" data-element_type=\"widget\" data-widget_type=\"image.default\">\n\t\t\t\t<div class=\"elementor-widget-container\">\n\t\t\t\t\t\t\t\t<div class=\"elementor-image\">\n\t\t\t\t\t\t\t\t\t\t\t\t<img decoding=\"async\" width=\"1024\" height=\"1024\" src=\"http:\/\/albanelerouge.fr\/wp-content\/uploads\/2019\/05\/logo-albane-seb2-1024x1024.png\" class=\"attachment-large size-large wp-image-56\" alt=\"Albane Lerouge Styliste Culinaire et D\u00e9coration Lille &amp; Paris\" loading=\"lazy\" srcset=\"http:\/\/albanelerouge.fr\/wp-content\/uploads\/2019\/05\/logo-albane-seb2-1024x1024.png 1024w, http:\/\/albanelerouge.fr\/wp-content\/uploads\/2019\/05\/logo-albane-seb2-150x150.png 150w, http:\/\/albanelerouge.fr\/wp-content\/uploads\/2019\/05\/logo-albane-seb2-300x300.png 300w, http:\/\/albanelerouge.fr\/wp-content\/uploads\/2019\/05\/logo-albane-seb2-768x768.png 768w, http:\/\/albanelerouge.fr\/wp-content\/uploads\/2019\/05\/logo-albane-seb2-1080x1080.png 1080w, http:\/\/albanelerouge.fr\/wp-content\/uploads\/2019\/05\/logo-albane-seb2.png 1106w\" sizes=\"(max-width: 1024px) 100vw, 1024px\" \/>\t\t\t\t\t\t\t\t\t\t\t\t\t\t<\/div>\n\t\t\t\t\t\t<\/div>\n\t\t\t\t<\/div>\n\t\t\t\t<div class=\"elementor-element elementor-element-636901ab elementor-widget elementor-widget-heading\" data-id=\"636901ab\" data-element_type=\"widget\" data-widget_type=\"heading.default\">\n\t\t\t\t<div class=\"elementor-widget-container\">\n\t\t\t<h2 class=\"elementor-heading-title elementor-size-default\">ALBANE LEROUGE<\/h2>\t\t<\/div>\n\t\t\t\t<\/div>\n\t\t\t\t<div class=\"elementor-element elementor-element-3236b1e3 elementor-widget elementor-widget-heading\" data-id=\"3236b1e3\" data-element_type=\"widget\" data-widget_type=\"heading.default\">\n\t\t\t\t<div class=\"elementor-widget-container\">\n\t\t\t<h2 class=\"elementor-heading-title elementor-size-default\">Styliste photo<\/h2>\t\t<\/div>\n\t\t\t\t<\/div>\n\t\t\t\t<div class=\"elementor-element elementor-element-6b805a28 elementor-widget elementor-widget-heading\" data-id=\"6b805a28\" data-element_type=\"widget\" data-widget_type=\"heading.default\">\n\t\t\t\t<div class=\"elementor-widget-container\">\n\t\t\t<h2 class=\"elementor-heading-title elementor-size-default\"><a href=\"http:\/\/albanelerouge.fr\/?page_id=631\">Mentions L\u00e9gales<\/a><\/h2>\t\t<\/div>\n\t\t\t\t<\/div>\n\t\t\t\t\t\t<\/div>\n\t\t\t\t\t<\/div>\n\t\t<\/div>\n\t\t\t\t<div class=\"elementor-column elementor-col-33 elementor-top-column elementor-element elementor-element-548ed7ad\" data-id=\"548ed7ad\" data-element_type=\"column\">\n\t\t\t<div class=\"elementor-column-wrap elementor-element-populated\">\n\t\t\t\t\t\t\t<div class=\"elementor-widget-wrap\">\n\t\t\t\t\t\t<div class=\"elementor-element elementor-element-323c3d46 elementor-shape-circle e-grid-align-left e-grid-align-mobile-center elementor-grid-0 elementor-widget elementor-widget-social-icons\" data-id=\"323c3d46\" data-element_type=\"widget\" data-widget_type=\"social-icons.default\">\n\t\t\t\t<div class=\"elementor-widget-container\">\n\t\t\t\t\t<div class=\"elementor-social-icons-wrapper elementor-grid\">\n\t\t\t\t\t\t\t<span class=\"elementor-grid-item\">\n\t\t\t\t\t<a class=\"elementor-icon elementor-social-icon elementor-social-icon-facebook elementor-repeater-item-1d75c9e\" href=\"https:\/\/www.facebook.com\/albane.lerouge\" target=\"_blank\">\n\t\t\t\t\t\t<span class=\"elementor-screen-only\">Facebook<\/span>\n\t\t\t\t\t\t\t\t\t\t\t\t\t<i class=\"fa fa-facebook\"><\/i>\n\t\t\t\t\t\t\t\t\t\t\t<\/a>\n\t\t\t\t<\/span>\n\t\t\t\t\t\t\t<span class=\"elementor-grid-item\">\n\t\t\t\t\t<a class=\"elementor-icon elementor-social-icon elementor-social-icon-instagram elementor-repeater-item-e012a87\" href=\"https:\/\/www.instagram.com\/albanestyliste\/?hl=fr\" target=\"_blank\">\n\t\t\t\t\t\t<span class=\"elementor-screen-only\">Instagram<\/span>\n\t\t\t\t\t\t\t\t\t\t\t\t\t<i class=\"fa fa-instagram\"><\/i>\n\t\t\t\t\t\t\t\t\t\t\t<\/a>\n\t\t\t\t<\/span>\n\t\t\t\t\t\t\t<span class=\"elementor-grid-item\">\n\t\t\t\t\t<a class=\"elementor-icon elementor-social-icon elementor-social-icon-linkedin elementor-repeater-item-dab6542\" href=\"https:\/\/www.linkedin.com\/in\/albane-lerouge-724aa3ab\/\" target=\"_blank\">\n\t\t\t\t\t\t<span class=\"elementor-screen-only\">Linkedin<\/span>\n\t\t\t\t\t\t\t\t\t\t\t\t\t<i class=\"fa fa-linkedin\"><\/i>\n\t\t\t\t\t\t\t\t\t\t\t<\/a>\n\t\t\t\t<\/span>\n\t\t\t\t\t<\/div>\n\t\t\t\t<\/div>\n\t\t\t\t<\/div>\n\t\t\t\t<div class=\"elementor-element elementor-element-44e237a1 elementor-widget elementor-widget-heading\" data-id=\"44e237a1\" data-element_type=\"widget\" data-widget_type=\"heading.default\">\n\t\t\t\t<div class=\"elementor-widget-container\">\n\t\t\t<h2 class=\"elementor-heading-title elementor-size-default\">06 87 27 48 74<\/h2>\t\t<\/div>\n\t\t\t\t<\/div>\n\t\t\t\t<div class=\"elementor-element elementor-element-524943d1 elementor-widget elementor-widget-heading\" data-id=\"524943d1\" data-element_type=\"widget\" data-widget_type=\"heading.default\">\n\t\t\t\t<div class=\"elementor-widget-container\">\n\t\t\t<h2 class=\"elementor-heading-title elementor-size-default\"><a href=\"mailto:hello@albanelerouge.fr\">hello@albanelerouge.fr<\/a><\/h2>\t\t<\/div>\n\t\t\t\t<\/div>\n\t\t\t\t\t\t<\/div>\n\t\t\t\t\t<\/div>\n\t\t<\/div>\n\t\t\t\t<div class=\"elementor-column elementor-col-33 elementor-top-column elementor-element elementor-element-3b9b3e34\" data-id=\"3b9b3e34\" data-element_type=\"column\">\n\t\t\t<div class=\"elementor-column-wrap elementor-element-populated\">\n\t\t\t\t\t\t\t<div class=\"elementor-widget-wrap\">\n\t\t\t\t\t\t<div class=\"elementor-element elementor-element-7661e204 elementor-widget elementor-widget-spacer\" data-id=\"7661e204\" data-element_type=\"widget\" data-widget_type=\"spacer.default\">\n\t\t\t\t<div class=\"elementor-widget-container\">\n\t\t\t\t\t<div class=\"elementor-spacer\">\n\t\t\t<div class=\"elementor-spacer-inner\"><\/div>\n\t\t<\/div>\n\t\t\t\t<\/div>\n\t\t\t\t<\/div>\n\t\t\t\t<div class=\"elementor-element elementor-element-606c6a18 elementor-widget elementor-widget-heading\" data-id=\"606c6a18\" data-element_type=\"widget\" data-widget_type=\"heading.default\">\n\t\t\t\t<div class=\"elementor-widget-container\">\n\t\t\t<h2 class=\"elementor-heading-title elementor-size-default\">Je vous rappelle ?<\/h2>\t\t<\/div>\n\t\t\t\t<\/div>\n\t\t\t\t<div class=\"elementor-element elementor-element-12c0c038 elementor-button-align-stretch elementor-widget elementor-widget-form\" data-id=\"12c0c038\" data-element_type=\"widget\" data-settings=\"{&quot;button_width&quot;:&quot;33&quot;,&quot;step_next_label&quot;:&quot;Suivant&quot;,&quot;step_previous_label&quot;:&quot;Pr\\u00e9c\\u00e9dent&quot;,&quot;step_type&quot;:&quot;number_text&quot;,&quot;step_icon_shape&quot;:&quot;circle&quot;}\" data-widget_type=\"form.default\">\n\t\t\t\t<div class=\"elementor-widget-container\">\n\t\t\t\t\t<form class=\"elementor-form\" method=\"post\" name=\"Demande de rappel\">\n\t\t\t<input type=\"hidden\" name=\"post_id\" value=\"631\"\/>\n\t\t\t<input type=\"hidden\" name=\"form_id\" value=\"12c0c038\"\/>\n\t\t\t<input type=\"hidden\" name=\"referer_title\" value=\"Albane Lerouge\" \/>\n\n\t\t\t\n\t\t\t<div class=\"elementor-form-fields-wrapper elementor-labels-above\">\n\t\t\t\t\t\t\t\t<div class=\"elementor-field-type-tel elementor-field-group elementor-column elementor-field-group-name elementor-col-66 elementor-field-required\">\n\t\t\t\t\t\t\t<input size=\"1\" type=\"tel\" name=\"form_fields[name]\" id=\"form-field-name\" class=\"elementor-field elementor-size-sm  elementor-field-textual\" placeholder=\"T\u00e9l\u00e9phone\" required=\"required\" aria-required=\"true\" pattern=\"[0-9()#&amp;+*-=.]+\" title=\"Seuls les caract\u00e8res de num\u00e9ros de t\u00e9l\u00e9phone (#, -, *, etc.) sont accept\u00e9s.\">\n\n\t\t\t\t\t\t<\/div>\n\t\t\t\t\t\t\t\t<div class=\"elementor-field-group elementor-column elementor-field-type-submit elementor-col-33 e-form__buttons\">\n\t\t\t\t\t<button type=\"submit\" class=\"elementor-button elementor-size-sm\">\n\t\t\t\t\t\t<span >\n\t\t\t\t\t\t\t\t\t\t\t\t\t\t\t<span class=\" elementor-button-icon\">\n\t\t\t\t\t\t\t\t\t<i class=\"\" aria-hidden=\"true\"><\/i>\t\t\t\t\t\t\t\t\t\t\t\t\t\t\t\t\t<\/span>\n\t\t\t\t\t\t\t\t\t\t\t\t\t\t\t\t\t\t\t\t\t\t<span class=\"elementor-button-text\">Envoyer<\/span>\n\t\t\t\t\t\t\t\t\t\t\t\t\t<\/span>\n\t\t\t\t\t<\/button>\n\t\t\t\t<\/div>\n\t\t\t<\/div>\n\t\t<\/form>\n\t\t\t\t<\/div>\n\t\t\t\t<\/div>\n\t\t\t\t\t\t<\/div>\n\t\t\t\t\t<\/div>\n\t\t<\/div>\n\t\t\t\t\t\t\t\t<\/div>\n\t\t\t\t\t<\/div>\n\t\t<\/section>\n\t\t\t\t<section class=\"elementor-section elementor-top-section elementor-element elementor-element-5ccf8b00 elementor-section-content-middle elementor-section-boxed elementor-section-height-default elementor-section-height-default\" data-id=\"5ccf8b00\" data-element_type=\"section\" data-settings=\"{&quot;background_background&quot;:&quot;classic&quot;}\">\n\t\t\t\t\t\t<div class=\"elementor-container elementor-column-gap-default\">\n\t\t\t\t\t\t\t<div class=\"elementor-row\">\n\t\t\t\t\t<div class=\"elementor-column elementor-col-50 elementor-top-column elementor-element elementor-element-5123a4a1\" data-id=\"5123a4a1\" data-element_type=\"column\">\n\t\t\t<div class=\"elementor-column-wrap elementor-element-populated\">\n\t\t\t\t\t\t\t<div class=\"elementor-widget-wrap\">\n\t\t\t\t\t\t<div class=\"elementor-element elementor-element-1f650493 elementor-widget elementor-widget-heading\" data-id=\"1f650493\" data-element_type=\"widget\" data-widget_type=\"heading.default\">\n\t\t\t\t<div class=\"elementor-widget-container\">\n\t\t\t<h2 class=\"elementor-heading-title elementor-size-default\">25 Rue du Mar\u00e9chal Foch 59350 St Andr\u00e9 lez Lille<\/h2>\t\t<\/div>\n\t\t\t\t<\/div>\n\t\t\t\t\t\t<\/div>\n\t\t\t\t\t<\/div>\n\t\t<\/div>\n\t\t\t\t<div class=\"elementor-column elementor-col-50 elementor-top-column elementor-element elementor-element-42988d0e\" data-id=\"42988d0e\" data-element_type=\"column\">\n\t\t\t<div class=\"elementor-column-wrap elementor-element-populated\">\n\t\t\t\t\t\t\t<div class=\"elementor-widget-wrap\">\n\t\t\t\t\t\t<div class=\"elementor-element elementor-element-133e91ae elementor-widget elementor-widget-heading\" data-id=\"133e91ae\" data-element_type=\"widget\" data-widget_type=\"heading.default\">\n\t\t\t\t<div class=\"elementor-widget-container\">\n\t\t\t<h2 class=\"elementor-heading-title elementor-size-default\"><a href=\"http:\/\/www.littlebigidea.fr\">Creation : littlebigidea.fr<\/a><\/h2>\t\t<\/div>\n\t\t\t\t<\/div>\n\t\t\t\t\t\t<\/div>\n\t\t\t\t\t<\/div>\n\t\t<\/div>\n\t\t\t\t\t\t\t\t<\/div>\n\t\t\t\t\t<\/div>\n\t\t<\/section>\n\t\t\t\t\t\t\t\t\t<\/div>\n\t\t\t<\/div>\n\t\t\t\t\t<\/div>\n\t\t","protected":false},"excerpt":{"rendered":"<p>Albane Lerouge Styliste Culinaire et D\u00e9co Mentions L\u00e9gales CONDITIONS D\u2019UTILISATION : Vous n&rsquo;\u00eates pas autoris\u00e9 en particulier \u00e0 t\u00e9l\u00e9charger, copier ou retransmettre tout ou partie de ce site ou du contenu sans accord pr\u00e9alable de Albane Lerouge Styliste Culinaire et D\u00e9co. Celle-ci ne donne aucune garantie ni assurance, et d\u00e9cline toute responsabilit\u00e9, directe ou indirecte [&hellip;]<\/p>\n","protected":false},"author":1,"featured_media":0,"parent":0,"menu_order":0,"comment_status":"closed","ping_status":"closed","template":"elementor_header_footer","meta":{"_et_pb_use_builder":"","_et_pb_old_content":"","_et_gb_content_width":""},"yoast_head":"<!-- This site is optimized with the Yoast SEO plugin v20.7 - https:\/\/yoast.com\/wordpress\/plugins\/seo\/ -->\n<title>Albane Lerouge Mentions L\u00e9gales - CONDITIONS D\u2019UTILISATION<\/title>\n<meta name=\"description\" content=\"Albane Lerouge Styliste Culinaire et D\u00e9co Mentions L\u00e9gales Vous n&#039;\u00eates pas autoris\u00e9 en particulier \u00e0 t\u00e9l\u00e9charger copier ou retransmettre tout ou partie\" \/>\n<meta name=\"robots\" content=\"index, follow, max-snippet:-1, max-image-preview:large, max-video-preview:-1\" \/>\n<link rel=\"canonical\" href=\"http:\/\/albanelerouge.fr\/?page_id=631\" \/>\n<meta property=\"og:locale\" content=\"fr_FR\" \/>\n<meta property=\"og:type\" content=\"article\" \/>\n<meta property=\"og:title\" content=\"Albane Lerouge Mentions L\u00e9gales - CONDITIONS D\u2019UTILISATION\" \/>\n<meta property=\"og:description\" content=\"Albane Lerouge Styliste Culinaire et D\u00e9co Mentions L\u00e9gales Vous n&#039;\u00eates pas autoris\u00e9 en particulier \u00e0 t\u00e9l\u00e9charger copier ou retransmettre tout ou partie\" \/>\n<meta property=\"og:url\" content=\"http:\/\/albanelerouge.fr\/?page_id=631\" \/>\n<meta property=\"og:site_name\" content=\"Albane Lerouge\" \/>\n<meta property=\"article:modified_time\" content=\"2019-06-25T12:55:51+00:00\" \/>\n<meta property=\"og:image\" content=\"http:\/\/albanelerouge.fr\/wp-content\/uploads\/2019\/05\/logo-albane-seb2-1024x1024.png\" \/>\n<meta name=\"twitter:card\" content=\"summary_large_image\" \/>\n<meta name=\"twitter:label1\" content=\"Dur\u00e9e de lecture estim\u00e9e\" \/>\n\t<meta name=\"twitter:data1\" content=\"2 minutes\" \/>\n<script type=\"application\/ld+json\" class=\"yoast-schema-graph\">{\"@context\":\"https:\/\/schema.org\",\"@graph\":[{\"@type\":\"WebPage\",\"@id\":\"http:\/\/albanelerouge.fr\/?page_id=631\",\"url\":\"http:\/\/albanelerouge.fr\/?page_id=631\",\"name\":\"Albane Lerouge Mentions L\u00e9gales - CONDITIONS D\u2019UTILISATION\",\"isPartOf\":{\"@id\":\"https:\/\/albanelerouge.fr\/#website\"},\"datePublished\":\"2019-06-24T07:02:51+00:00\",\"dateModified\":\"2019-06-25T12:55:51+00:00\",\"description\":\"Albane Lerouge Styliste Culinaire et D\u00e9co Mentions L\u00e9gales Vous n'\u00eates pas autoris\u00e9 en particulier \u00e0 t\u00e9l\u00e9charger copier ou retransmettre tout ou partie\",\"breadcrumb\":{\"@id\":\"http:\/\/albanelerouge.fr\/?page_id=631#breadcrumb\"},\"inLanguage\":\"fr-FR\",\"potentialAction\":[{\"@type\":\"ReadAction\",\"target\":[\"http:\/\/albanelerouge.fr\/?page_id=631\"]}]},{\"@type\":\"BreadcrumbList\",\"@id\":\"http:\/\/albanelerouge.fr\/?page_id=631#breadcrumb\",\"itemListElement\":[{\"@type\":\"ListItem\",\"position\":1,\"name\":\"Accueil\",\"item\":\"http:\/\/albanelerouge.fr\/\"},{\"@type\":\"ListItem\",\"position\":2,\"name\":\"Albane Lerouge Mentions L\u00e9gales\"}]},{\"@type\":\"WebSite\",\"@id\":\"https:\/\/albanelerouge.fr\/#website\",\"url\":\"https:\/\/albanelerouge.fr\/\",\"name\":\"Albane Lerouge\",\"description\":\"styliste culinaire\",\"potentialAction\":[{\"@type\":\"SearchAction\",\"target\":{\"@type\":\"EntryPoint\",\"urlTemplate\":\"https:\/\/albanelerouge.fr\/?s={search_term_string}\"},\"query-input\":\"required name=search_term_string\"}],\"inLanguage\":\"fr-FR\"}]}<\/script>\n<!-- \/ Yoast SEO plugin. -->","yoast_head_json":{"title":"Albane Lerouge Mentions L\u00e9gales - CONDITIONS D\u2019UTILISATION","description":"Albane Lerouge Styliste Culinaire et D\u00e9co Mentions L\u00e9gales Vous n'\u00eates pas autoris\u00e9 en particulier \u00e0 t\u00e9l\u00e9charger copier ou retransmettre tout ou partie","robots":{"index":"index","follow":"follow","max-snippet":"max-snippet:-1","max-image-preview":"max-image-preview:large","max-video-preview":"max-video-preview:-1"},"canonical":"http:\/\/albanelerouge.fr\/?page_id=631","og_locale":"fr_FR","og_type":"article","og_title":"Albane Lerouge Mentions L\u00e9gales - CONDITIONS D\u2019UTILISATION","og_description":"Albane Lerouge Styliste Culinaire et D\u00e9co Mentions L\u00e9gales Vous n'\u00eates pas autoris\u00e9 en particulier \u00e0 t\u00e9l\u00e9charger copier ou retransmettre tout ou partie","og_url":"http:\/\/albanelerouge.fr\/?page_id=631","og_site_name":"Albane Lerouge","article_modified_time":"2019-06-25T12:55:51+00:00","og_image":[{"url":"http:\/\/albanelerouge.fr\/wp-content\/uploads\/2019\/05\/logo-albane-seb2-1024x1024.png"}],"twitter_card":"summary_large_image","twitter_misc":{"Dur\u00e9e de lecture estim\u00e9e":"2 minutes"},"schema":{"@context":"https:\/\/schema.org","@graph":[{"@type":"WebPage","@id":"http:\/\/albanelerouge.fr\/?page_id=631","url":"http:\/\/albanelerouge.fr\/?page_id=631","name":"Albane Lerouge Mentions L\u00e9gales - CONDITIONS D\u2019UTILISATION","isPartOf":{"@id":"https:\/\/albanelerouge.fr\/#website"},"datePublished":"2019-06-24T07:02:51+00:00","dateModified":"2019-06-25T12:55:51+00:00","description":"Albane Lerouge Styliste Culinaire et D\u00e9co Mentions L\u00e9gales Vous n'\u00eates pas autoris\u00e9 en particulier \u00e0 t\u00e9l\u00e9charger copier ou retransmettre tout ou partie","breadcrumb":{"@id":"http:\/\/albanelerouge.fr\/?page_id=631#breadcrumb"},"inLanguage":"fr-FR","potentialAction":[{"@type":"ReadAction","target":["http:\/\/albanelerouge.fr\/?page_id=631"]}]},{"@type":"BreadcrumbList","@id":"http:\/\/albanelerouge.fr\/?page_id=631#breadcrumb","itemListElement":[{"@type":"ListItem","position":1,"name":"Accueil","item":"http:\/\/albanelerouge.fr\/"},{"@type":"ListItem","position":2,"name":"Albane Lerouge Mentions L\u00e9gales"}]},{"@type":"WebSite","@id":"https:\/\/albanelerouge.fr\/#website","url":"https:\/\/albanelerouge.fr\/","name":"Albane Lerouge","description":"styliste culinaire","potentialAction":[{"@type":"SearchAction","target":{"@type":"EntryPoint","urlTemplate":"https:\/\/albanelerouge.fr\/?s={search_term_string}"},"query-input":"required name=search_term_string"}],"inLanguage":"fr-FR"}]}},"_links":{"self":[{"href":"http:\/\/albanelerouge.fr\/index.php?rest_route=\/wp\/v2\/pages\/631"}],"collection":[{"href":"http:\/\/albanelerouge.fr\/index.php?rest_route=\/wp\/v2\/pages"}],"about":[{"href":"http:\/\/albanelerouge.fr\/index.php?rest_route=\/wp\/v2\/types\/page"}],"author":[{"embeddable":true,"href":"http:\/\/albanelerouge.fr\/index.php?rest_route=\/wp\/v2\/users\/1"}],"replies":[{"embeddable":true,"href":"http:\/\/albanelerouge.fr\/index.php?rest_route=%2Fwp%2Fv2%2Fcomments&post=631"}],"version-history":[{"count":13,"href":"http:\/\/albanelerouge.fr\/index.php?rest_route=\/wp\/v2\/pages\/631\/revisions"}],"predecessor-version":[{"id":831,"href":"http:\/\/albanelerouge.fr\/index.php?rest_route=\/wp\/v2\/pages\/631\/revisions\/831"}],"wp:attachment":[{"href":"http:\/\/albanelerouge.fr\/index.php?rest_route=%2Fwp%2Fv2%2Fmedia&parent=631"}],"curies":[{"name":"wp","href":"https:\/\/api.w.org\/{rel}","templated":true}]}}